{"id":486,"date":"2020-01-20T10:38:34","date_gmt":"2020-01-20T10:38:34","guid":{"rendered":"https:\/\/mentalfestivalen.se\/?page_id=486"},"modified":"2023-02-27T22:17:17","modified_gmt":"2023-02-27T21:17:17","slug":"integritetspolicy","status":"publish","type":"page","link":"https:\/\/mentalfestivalen.se\/en\/integritetspolicy\/","title":{"rendered":"Privacy Policy"},"content":{"rendered":"\t\t<div data-elementor-type=\"wp-page\" data-elementor-id=\"486\" class=\"elementor elementor-486\" data-elementor-post-type=\"page\">\n\t\t\t\t\t\t<section class=\"elementor-section elementor-top-section elementor-element elementor-element-37a684aa elementor-section-height-min-height elementor-section-boxed elementor-section-height-default elementor-section-items-middle\" data-id=\"37a684aa\" data-element_type=\"section\" data-e-type=\"section\" data-settings=\"{&quot;background_background&quot;:&quot;classic&quot;,&quot;background_motion_fx_motion_fx_scrolling&quot;:&quot;yes&quot;,&quot;background_motion_fx_translateY_speed&quot;:{&quot;unit&quot;:&quot;px&quot;,&quot;size&quot;:7.2,&quot;sizes&quot;:[]},&quot;background_motion_fx_translateY_effect&quot;:&quot;yes&quot;,&quot;background_motion_fx_translateY_direction&quot;:&quot;negative&quot;,&quot;background_motion_fx_translateY_affectedRange&quot;:{&quot;unit&quot;:&quot;%&quot;,&quot;size&quot;:&quot;&quot;,&quot;sizes&quot;:{&quot;start&quot;:0,&quot;end&quot;:100}},&quot;background_motion_fx_devices&quot;:[&quot;desktop&quot;,&quot;tablet&quot;,&quot;mobile&quot;]}\">\n\t\t\t\t\t\t\t<div class=\"elementor-background-overlay\"><\/div>\n\t\t\t\t\t\t\t<div class=\"elementor-container elementor-column-gap-default\">\n\t\t\t\t\t<div class=\"elementor-column elementor-col-100 elementor-top-column elementor-element elementor-element-50caeae8\" data-id=\"50caeae8\" data-element_type=\"column\" data-e-type=\"column\">\n\t\t\t<div class=\"elementor-widget-wrap elementor-element-populated\">\n\t\t\t\t\t\t<div class=\"elementor-element elementor-element-46d0ef5e elementor-invisible elementor-widget elementor-widget-heading\" data-id=\"46d0ef5e\" data-element_type=\"widget\" data-e-type=\"widget\" data-settings=\"{&quot;_animation&quot;:&quot;fadeIn&quot;}\" data-widget_type=\"heading.default\">\n\t\t\t\t<div class=\"elementor-widget-container\">\n\t\t\t\t\t<h2 class=\"elementor-heading-title elementor-size-default\">Integritetspolicy<\/h2>\t\t\t\t<\/div>\n\t\t\t\t<\/div>\n\t\t\t\t<div class=\"elementor-element elementor-element-24cbb8a8 elementor-widget elementor-widget-spacer\" data-id=\"24cbb8a8\" data-element_type=\"widget\" data-e-type=\"widget\" data-widget_type=\"spacer.default\">\n\t\t\t\t<div class=\"elementor-widget-container\">\n\t\t\t\t\t\t\t<div class=\"elementor-spacer\">\n\t\t\t<div class=\"elementor-spacer-inner\"><\/div>\n\t\t<\/div>\n\t\t\t\t\t\t<\/div>\n\t\t\t\t<\/div>\n\t\t\t\t\t<\/div>\n\t\t<\/div>\n\t\t\t\t\t<\/div>\n\t\t<\/section>\n\t\t\t\t<section class=\"elementor-section elementor-top-section elementor-element elementor-element-61df64f8 elementor-section-boxed elementor-section-height-default elementor-section-height-default\" data-id=\"61df64f8\" data-element_type=\"section\" data-e-type=\"section\" data-settings=\"{&quot;background_background&quot;:&quot;classic&quot;,&quot;background_motion_fx_motion_fx_scrolling&quot;:&quot;yes&quot;,&quot;background_motion_fx_translateX_effect&quot;:&quot;yes&quot;,&quot;background_motion_fx_translateX_speed&quot;:{&quot;unit&quot;:&quot;px&quot;,&quot;size&quot;:4,&quot;sizes&quot;:[]},&quot;background_motion_fx_translateX_affectedRange&quot;:{&quot;unit&quot;:&quot;%&quot;,&quot;size&quot;:&quot;&quot;,&quot;sizes&quot;:{&quot;start&quot;:0,&quot;end&quot;:100}},&quot;background_motion_fx_devices&quot;:[&quot;desktop&quot;,&quot;tablet&quot;,&quot;mobile&quot;]}\">\n\t\t\t\t\t\t\t<div class=\"elementor-background-overlay\"><\/div>\n\t\t\t\t\t\t\t<div class=\"elementor-container elementor-column-gap-default\">\n\t\t\t\t\t<div class=\"elementor-column elementor-col-100 elementor-top-column elementor-element elementor-element-2147d4a9\" data-id=\"2147d4a9\" data-element_type=\"column\" data-e-type=\"column\">\n\t\t\t<div class=\"elementor-widget-wrap elementor-element-populated\">\n\t\t\t\t\t\t<div class=\"elementor-element elementor-element-438f9cab elementor-invisible elementor-widget elementor-widget-heading\" data-id=\"438f9cab\" data-element_type=\"widget\" data-e-type=\"widget\" data-settings=\"{&quot;_animation&quot;:&quot;fadeIn&quot;}\" data-widget_type=\"heading.default\">\n\t\t\t\t<div class=\"elementor-widget-container\">\n\t\t\t\t\t<h2 class=\"elementor-heading-title elementor-size-default\">Integritetspolicy<\/h2>\t\t\t\t<\/div>\n\t\t\t\t<\/div>\n\t\t\t\t<div class=\"elementor-element elementor-element-32c6eb98 elementor-widget elementor-widget-spacer\" data-id=\"32c6eb98\" data-element_type=\"widget\" data-e-type=\"widget\" data-widget_type=\"spacer.default\">\n\t\t\t\t<div class=\"elementor-widget-container\">\n\t\t\t\t\t\t\t<div class=\"elementor-spacer\">\n\t\t\t<div class=\"elementor-spacer-inner\"><\/div>\n\t\t<\/div>\n\t\t\t\t\t\t<\/div>\n\t\t\t\t<\/div>\n\t\t\t\t<div class=\"elementor-element elementor-element-4ab51c54 elementor-widget elementor-widget-text-editor\" data-id=\"4ab51c54\" data-element_type=\"widget\" data-e-type=\"widget\" data-widget_type=\"text-editor.default\">\n\t\t\t\t<div class=\"elementor-widget-container\">\n\t\t\t\t\t\t\t\t\t<p><b>Vilka vi \u00e4r<br \/><\/b><span style=\"font-weight: 400;\">Webbplatsen www.mentalfestivalen.se \u00e4r en hemsida f\u00f6r att informera om Mentalfestivalen. F\u00f6retaget drivs av Ireturn som \u00e4ven \u00e4r ansvarig f\u00f6r hantering av personuppgifter. Vid fr\u00e5gor om dina personuppgifter, v\u00e4nligen kontakta <a href=\"mailto:info@mentalfestivalen.se\">info@mentalfestivalen.se<\/a>.<\/span><\/p><p><b>N\u00e4r och varf\u00f6r vi samlar dina uppgifter<br \/><\/b><span style=\"font-weight: 400;\">Vi samlar in personuppgifter n\u00e4r du kontaktar oss via e-post, telefon eller via formul\u00e4ret p\u00e5 webbplatsen. Vi sparar dina personliga uppgifter f\u00f6r att genomf\u00f6ra f\u00f6rs\u00e4ljning, marknadsf\u00f6ring eller kundservice till dig.<\/span><\/p><p><span style=\"font-weight: 400;\">Uppgifter du anger i v\u00e5rt kontaktformul\u00e4r p\u00e5 webbplatsen anv\u00e4nds f\u00f6r att besvara och hantera din f\u00f6rfr\u00e5gan. Uppgifterna sparas i upp till 3 \u00e5r.<\/span><\/p><p><span style=\"font-weight: 400;\">N\u00e4r du anv\u00e4nder v\u00e5r webbplats sparas \u00e4ven information via cookies. L\u00e4s mer om v\u00e5r cookie policy l\u00e4ngre ner p\u00e5 den h\u00e4r sidan.<\/span><\/p><p><b>Du har r\u00e4tt till dina uppgifter<br \/><\/b><span style=\"font-weight: 400;\">Du kan n\u00e4r som helst ta tillbaka ditt samtycke till att vi sparar dina personliga uppgifter. Du kan \u00e4ven beg\u00e4ra en kopia av de uppgifter vi har sparade, g\u00f6ra \u00e4ndringar i dessa uppgifter eller radera dem. V\u00e4nligen kontakta <a href=\"mailto:info@mentalfestivalen.se\">info@mentalfestivalen.se<\/a> f\u00f6r hj\u00e4lp med detta. Efter radering av dina uppgifter \u00e4ger vi inte r\u00e4tt att skicka dig marknadsf\u00f6ring.<\/span><\/p><p><span style=\"font-weight: 400;\">Du kan dock inte beg\u00e4ra att vi raderar eventuella uppgifter som vi \u00e4r tvungna att spara av administrativa, legala eller s\u00e4kerhetssk\u00e4l.<\/span><\/p><p><b>Vi skyddar dina personliga uppgifter<br \/><\/b><span style=\"font-weight: 400;\">Vi genomf\u00f6r en rad s\u00e4kerhets\u00e5tg\u00e4rder f\u00f6r att uppr\u00e4tth\u00e5lla s\u00e4kerheten f\u00f6r din personliga information. Hemsidan anv\u00e4nder bland annat SSL. All information \u00f6verf\u00f6rs krypterat (SSL) och kan endast att g\u00f6ras tillg\u00e4nglig f\u00f6r de personer som har godk\u00e4nts med s\u00e4rskilda r\u00e4ttigheter f\u00f6r tillg\u00e5ng till dessa systemen. Dessa personer \u00e4r skyldiga att h\u00e5lla informationen konfidentiell. Ingen k\u00e4nslig information lagras p\u00e5 v\u00e5ra servrar.<\/span><\/p><p><b>Om dina uppgifter delas med andra<br \/><\/b><span style=\"font-weight: 400;\">Vi varken s\u00e4ljer, byter eller p\u00e5 annat s\u00e4tt \u00f6verf\u00f6r din personliga information till n\u00e5gra utomst\u00e5ende. Detta inbegriper inte betrodd tredje part som hj\u00e4lper oss att driva v\u00e5r hemsida, bedriva v\u00e5r verksamhet eller ge service till dig.<\/span><\/p><p><b>Tredjepart<br \/><\/b><span style=\"font-weight: 400;\">Ibland kan vi inkludera eller erbjuda produkter eller tj\u00e4nster fr\u00e5n annan leverant\u00f6r p\u00e5 v\u00e5r hemsida. Dessa leverant\u00f6rer har egna och helt oberoende integritetspolicys. Vi har inget ansvar f\u00f6r inneh\u00e5llet och aktiviteter p\u00e5 dessa webbplatser. Vi f\u00f6rs\u00f6ker dock alltid att uppr\u00e4tth\u00e5lla integriteten f\u00f6r v\u00e5r webbplats och v\u00e4lkomnar synpunkter om dessa platser.<\/span><\/p><p><b>\u00c4ndringar i denna policy<\/b><\/p><p><span style=\"font-weight: 400;\">Mentalfestivalen f\u00f6rbeh\u00e5ller sig r\u00e4tten att n\u00e4r som helst \u00e4ndra denna integritetspolicy. Den integritetspolicy som presenteras p\u00e5 den h\u00e4r sidan \u00e4r den som g\u00e4ller. Stora \u00e4ndringar kommer att meddelas till dig genom e-post innan \u00e4ndringen sker.<\/span><\/p>\t\t\t\t\t\t\t\t<\/div>\n\t\t\t\t<\/div>\n\t\t\t\t<div class=\"elementor-element elementor-element-91c8927 elementor-invisible elementor-widget elementor-widget-heading\" data-id=\"91c8927\" data-element_type=\"widget\" data-e-type=\"widget\" data-settings=\"{&quot;_animation&quot;:&quot;fadeIn&quot;}\" data-widget_type=\"heading.default\">\n\t\t\t\t<div class=\"elementor-widget-container\">\n\t\t\t\t\t<h2 class=\"elementor-heading-title elementor-size-default\">Cookie Policy<\/h2>\t\t\t\t<\/div>\n\t\t\t\t<\/div>\n\t\t\t\t<div class=\"elementor-element elementor-element-187a34e elementor-widget elementor-widget-text-editor\" data-id=\"187a34e\" data-element_type=\"widget\" data-e-type=\"widget\" data-widget_type=\"text-editor.default\">\n\t\t\t\t<div class=\"elementor-widget-container\">\n\t\t\t\t\t\t\t\t\t<p>Vi anv\u00e4nder cookies p\u00e5 www.mentalfestivalen.se. Du som bes\u00f6kare m\u00e5ste enligt lag f\u00e5 information om att webbplatsen inneh\u00e5ller cookies. Du m\u00e5ste ocks\u00e5 f\u00e5 information om vad de anv\u00e4nds till och hur du v\u00e4ljer bort dem.<\/p><p><strong>Vad \u00e4r en cookie?<br \/><\/strong>En cookie \u00e4r en textfil som sparar information om ditt bes\u00f6k p\u00e5 webbplatsen. En cookie sparas i din webbl\u00e4sare eller motsvarande program. En cookie kan t ex inneh\u00e5lla inloggningsinformation, vad du hade i din kundkorg n\u00e4r du st\u00e4ngde ner rutan eller inst\u00e4llningar p\u00e5 webbplatsen. De allra flesta webbplatser anv\u00e4nder cookies eftersom de ofta anv\u00e4nds i grundl\u00e4ggande funktioner, men du kan s\u00e5klart sj\u00e4lv v\u00e4lja om du vill blockera och avl\u00e4gsna cookies.<\/p><p><strong>Olika typer av cookies<\/strong><br \/>Det finns tv\u00e5 olika typer av cookies: tempor\u00e4ra och permanenta. Tempor\u00e4ra cookies (som \u00e4ven kallas sessionscookies) f\u00f6rsvinner n\u00e4r du st\u00e4nger webbl\u00e4saren. Den inneh\u00e5ller bara tillf\u00e4llig information som inte sparas n\u00e5gonstans.<\/p><p>Permanenta cookies sparas som en textfil p\u00e5 din dator och anv\u00e4nds f\u00f6r att spara information n\u00e4r du bes\u00f6ker olika webbplatser. Dessa cookies ska underl\u00e4tta din anv\u00e4ndning genom att t ex komma ih\u00e5g dina inloggningsuppgifter eller g\u00f6ra ditt bes\u00f6k mer sp\u00e4nnande genom att visa reklam anpassat till dina s\u00f6kningar.<\/p><p><strong>Kan cookies inneh\u00e5lla virus?<br \/><\/strong>Nej, cookies inneh\u00e5ller inte virus. De vanligaste webbl\u00e4sarna idag till\u00e5ter bara en viss m\u00e4ngd sparade cookies vilket inneb\u00e4r att du inte heller riskerar att f\u00e5 slut p\u00e5 minnet i h\u00e5rddisken.<\/p><p><strong>Hur s\u00e4ger jag nej till cookies?<br \/><\/strong>Du kan st\u00e4nga av lagring av kakor i din webbl\u00e4sares inst\u00e4llningar. I vissa webbl\u00e4sare kan du v\u00e4lja att blockera permanenta kakor men \u00e4nd\u00e5 till\u00e5ta tempor\u00e4ra kakor. Utan lagring av kakor kommer du dock inte kunna anv\u00e4nda vissa funktioner och tj\u00e4nster p\u00e5 webbplatser. I hj\u00e4lpfunktionen till din webbl\u00e4sare hittar du information om hur du \u00e4ndrar inst\u00e4llningarna till cookies. I din webbl\u00e4sares inst\u00e4llningar kan du \u00e4ven radera kakor fr\u00e5n din h\u00e5rddisk.<\/p><p><strong>Vi anv\u00e4nder Google Analytics<br \/><\/strong>Vi anv\u00e4nder en tj\u00e4nst som heter Google Analytics. Det \u00e4r ett analysverktyg f\u00f6r webbstatistik och ger oss en bild av hur v\u00e5ra bes\u00f6kare anv\u00e4nder v\u00e5r webbplats. Vi f\u00e5r ingen information om dig, vem du \u00e4r eller vart du befinner dig. Vi f\u00e5r endast information om ditt bes\u00f6k p\u00e5 v\u00e5r webbplats, bland annat vilka sidor du bes\u00f6kt och hur l\u00e4nge du stannat. All information fr\u00e5n sparade cookies skickas vidare och lagras av Google. Google Analytics visar oss:<\/p><ul><li>N\u00e4r du bes\u00f6kte webbplatsen senast<\/li><li>N\u00e4r du bes\u00f6kte webbplatsen f\u00f6rsta g\u00e5ngen<\/li><li>N\u00e4r ditt nuvarande bes\u00f6k p\u00e5b\u00f6rjades och hur l\u00e4nge du stannar<\/li><li>Hur m\u00e5nga g\u00e5nger du har bes\u00f6kt webbplatsen<\/li><li>Vilken webbl\u00e4sare du anv\u00e4nder<\/li><li>Hur du hittade till webbplatsen<\/li><\/ul>\t\t\t\t\t\t\t\t<\/div>\n\t\t\t\t<\/div>\n\t\t\t\t<div class=\"elementor-element elementor-element-555b7994 elementor-align-center elementor-widget__width-auto elementor-widget-mobile__width-inherit elementor-widget elementor-widget-button\" data-id=\"555b7994\" data-element_type=\"widget\" data-e-type=\"widget\" data-widget_type=\"button.default\">\n\t\t\t\t<div class=\"elementor-widget-container\">\n\t\t\t\t\t\t\t\t\t<div class=\"elementor-button-wrapper\">\n\t\t\t\t\t<a class=\"elementor-button elementor-button-link elementor-size-sm\" href=\"https:\/\/mentalfestivalen.se\/kontakta-oss\/\">\n\t\t\t\t\t\t<span class=\"elementor-button-content-wrapper\">\n\t\t\t\t\t\t\t\t\t<span class=\"elementor-button-text\">Kontakta oss<\/span>\n\t\t\t\t\t<\/span>\n\t\t\t\t\t<\/a>\n\t\t\t\t<\/div>\n\t\t\t\t\t\t\t\t<\/div>\n\t\t\t\t<\/div>\n\t\t\t\t\t<\/div>\n\t\t<\/div>\n\t\t\t\t\t<\/div>\n\t\t<\/section>\n\t\t\t\t<\/div>\n\t\t","protected":false},"excerpt":{"rendered":"<p>Integritetspolicy Integritetspolicy Vilka vi \u00e4rWebbplatsen www.mentalfestivalen.se \u00e4r en hemsida f\u00f6r att informera om Mentalfestivalen. F\u00f6retaget drivs av Ireturn som \u00e4ven \u00e4r ansvarig f\u00f6r hantering av personuppgifter. Vid fr\u00e5gor om dina personuppgifter, v\u00e4nligen kontakta info@mentalfestivalen.se. N\u00e4r och varf\u00f6r vi samlar dina uppgifterVi samlar in personuppgifter n\u00e4r du kontaktar oss via e-post, telefon eller via formul\u00e4ret p\u00e5 [&hellip;]<\/p>\n","protected":false},"author":8,"featured_media":0,"parent":0,"menu_order":0,"comment_status":"closed","ping_status":"closed","template":"","meta":{"_acf_changed":false,"site-sidebar-layout":"no-sidebar","site-content-layout":"page-builder","ast-site-content-layout":"default","site-content-style":"default","site-sidebar-style":"default","ast-global-header-display":"","ast-banner-title-visibility":"","ast-main-header-display":"","ast-hfb-above-header-display":"","ast-hfb-below-header-display":"","ast-hfb-mobile-header-display":"","site-post-title":"disabled","ast-breadcrumbs-content":"","ast-featured-img":"disabled","footer-sml-layout":"","ast-disable-related-posts":"","theme-transparent-header-meta":"default","adv-header-id-meta":"","stick-header-meta":"default","header-above-stick-meta":"","header-main-stick-meta":"","header-below-stick-meta":"","astra-migrate-meta-layouts":"default","ast-page-background-enabled":"default","ast-page-background-meta":{"desktop":{"background-color":"","background-image":"","background-repeat":"repeat","background-position":"center center","background-size":"auto","background-attachment":"scroll","background-type":"","background-media":"","overlay-type":"","overlay-color":"","overlay-opacity":"","overlay-gradient":""},"tablet":{"background-color":"","background-image":"","background-repeat":"repeat","background-position":"center center","background-size":"auto","background-attachment":"scroll","background-type":"","background-media":"","overlay-type":"","overlay-color":"","overlay-opacity":"","overlay-gradient":""},"mobile":{"background-color":"","background-image":"","background-repeat":"repeat","background-position":"center center","background-size":"auto","background-attachment":"scroll","background-type":"","background-media":"","overlay-type":"","overlay-color":"","overlay-opacity":"","overlay-gradient":""}},"ast-content-background-meta":{"desktop":{"background-color":"var(--ast-global-color-5)","background-image":"","background-repeat":"repeat","background-position":"center center","background-size":"auto","background-attachment":"scroll","background-type":"","background-media":"","overlay-type":"","overlay-color":"","overlay-opacity":"","overlay-gradient":""},"tablet":{"background-color":"var(--ast-global-color-5)","background-image":"","background-repeat":"repeat","background-position":"center center","background-size":"auto","background-attachment":"scroll","background-type":"","background-media":"","overlay-type":"","overlay-color":"","overlay-opacity":"","overlay-gradient":""},"mobile":{"background-color":"var(--ast-global-color-5)","background-image":"","background-repeat":"repeat","background-position":"center center","background-size":"auto","background-attachment":"scroll","background-type":"","background-media":"","overlay-type":"","overlay-color":"","overlay-opacity":"","overlay-gradient":""}},"footnotes":""},"class_list":["post-486","page","type-page","status-publish","hentry"],"acf":[],"yoast_head":"<!-- This site is optimized with the Yoast SEO plugin v27.5 - https:\/\/yoast.com\/product\/yoast-seo-wordpress\/ -->\n<title>Integritetspolicy - Mentalfestivalen<\/title>\n<meta name=\"robots\" content=\"index, follow, max-snippet:-1, max-image-preview:large, max-video-preview:-1\" \/>\n<link rel=\"canonical\" href=\"https:\/\/mentalfestivalen.se\/en\/integritetspolicy\/\" \/>\n<meta property=\"og:locale\" content=\"en_GB\" \/>\n<meta property=\"og:type\" content=\"article\" \/>\n<meta property=\"og:title\" content=\"Integritetspolicy - Mentalfestivalen\" \/>\n<meta property=\"og:description\" content=\"Integritetspolicy Integritetspolicy Vilka vi \u00e4rWebbplatsen www.mentalfestivalen.se \u00e4r en hemsida f\u00f6r att informera om Mentalfestivalen. F\u00f6retaget drivs av Ireturn som \u00e4ven \u00e4r ansvarig f\u00f6r hantering av personuppgifter. Vid fr\u00e5gor om dina personuppgifter, v\u00e4nligen kontakta info@mentalfestivalen.se. N\u00e4r och varf\u00f6r vi samlar dina uppgifterVi samlar in personuppgifter n\u00e4r du kontaktar oss via e-post, telefon eller via formul\u00e4ret p\u00e5 [&hellip;]\" \/>\n<meta property=\"og:url\" content=\"https:\/\/mentalfestivalen.se\/en\/integritetspolicy\/\" \/>\n<meta property=\"og:site_name\" content=\"Mentalfestivalen\" \/>\n<meta property=\"article:modified_time\" content=\"2023-02-27T21:17:17+00:00\" \/>\n<meta name=\"twitter:card\" content=\"summary_large_image\" \/>\n<meta name=\"twitter:label1\" content=\"Estimated reading time\" \/>\n\t<meta name=\"twitter:data1\" content=\"5 minutes\" \/>\n<script type=\"application\/ld+json\" class=\"yoast-schema-graph\">{\"@context\":\"https:\\\/\\\/schema.org\",\"@graph\":[{\"@type\":\"WebPage\",\"@id\":\"https:\\\/\\\/mentalfestivalen.se\\\/integritetspolicy\\\/\",\"url\":\"https:\\\/\\\/mentalfestivalen.se\\\/integritetspolicy\\\/\",\"name\":\"Integritetspolicy - Mentalfestivalen\",\"isPartOf\":{\"@id\":\"https:\\\/\\\/mentalfestivalen.se\\\/#website\"},\"datePublished\":\"2020-01-20T10:38:34+00:00\",\"dateModified\":\"2023-02-27T21:17:17+00:00\",\"breadcrumb\":{\"@id\":\"https:\\\/\\\/mentalfestivalen.se\\\/integritetspolicy\\\/#breadcrumb\"},\"inLanguage\":\"en-GB\",\"potentialAction\":[{\"@type\":\"ReadAction\",\"target\":[\"https:\\\/\\\/mentalfestivalen.se\\\/integritetspolicy\\\/\"]}]},{\"@type\":\"BreadcrumbList\",\"@id\":\"https:\\\/\\\/mentalfestivalen.se\\\/integritetspolicy\\\/#breadcrumb\",\"itemListElement\":[{\"@type\":\"ListItem\",\"position\":1,\"name\":\"Hem\",\"item\":\"https:\\\/\\\/mentalfestivalen.se\\\/\"},{\"@type\":\"ListItem\",\"position\":2,\"name\":\"Integritetspolicy\"}]},{\"@type\":\"WebSite\",\"@id\":\"https:\\\/\\\/mentalfestivalen.se\\\/#website\",\"url\":\"https:\\\/\\\/mentalfestivalen.se\\\/\",\"name\":\"Mentalfestivalen\",\"description\":\"Mentalfestivalen\",\"potentialAction\":[{\"@type\":\"SearchAction\",\"target\":{\"@type\":\"EntryPoint\",\"urlTemplate\":\"https:\\\/\\\/mentalfestivalen.se\\\/?s={search_term_string}\"},\"query-input\":{\"@type\":\"PropertyValueSpecification\",\"valueRequired\":true,\"valueName\":\"search_term_string\"}}],\"inLanguage\":\"en-GB\"}]}<\/script>\n<!-- \/ Yoast SEO plugin. -->","yoast_head_json":{"title":"Integritetspolicy - Mentalfestivalen","robots":{"index":"index","follow":"follow","max-snippet":"max-snippet:-1","max-image-preview":"max-image-preview:large","max-video-preview":"max-video-preview:-1"},"canonical":"https:\/\/mentalfestivalen.se\/en\/integritetspolicy\/","og_locale":"en_GB","og_type":"article","og_title":"Integritetspolicy - Mentalfestivalen","og_description":"Integritetspolicy Integritetspolicy Vilka vi \u00e4rWebbplatsen www.mentalfestivalen.se \u00e4r en hemsida f\u00f6r att informera om Mentalfestivalen. F\u00f6retaget drivs av Ireturn som \u00e4ven \u00e4r ansvarig f\u00f6r hantering av personuppgifter. Vid fr\u00e5gor om dina personuppgifter, v\u00e4nligen kontakta info@mentalfestivalen.se. N\u00e4r och varf\u00f6r vi samlar dina uppgifterVi samlar in personuppgifter n\u00e4r du kontaktar oss via e-post, telefon eller via formul\u00e4ret p\u00e5 [&hellip;]","og_url":"https:\/\/mentalfestivalen.se\/en\/integritetspolicy\/","og_site_name":"Mentalfestivalen","article_modified_time":"2023-02-27T21:17:17+00:00","twitter_card":"summary_large_image","twitter_misc":{"Estimated reading time":"5 minutes"},"schema":{"@context":"https:\/\/schema.org","@graph":[{"@type":"WebPage","@id":"https:\/\/mentalfestivalen.se\/integritetspolicy\/","url":"https:\/\/mentalfestivalen.se\/integritetspolicy\/","name":"Integritetspolicy - Mentalfestivalen","isPartOf":{"@id":"https:\/\/mentalfestivalen.se\/#website"},"datePublished":"2020-01-20T10:38:34+00:00","dateModified":"2023-02-27T21:17:17+00:00","breadcrumb":{"@id":"https:\/\/mentalfestivalen.se\/integritetspolicy\/#breadcrumb"},"inLanguage":"en-GB","potentialAction":[{"@type":"ReadAction","target":["https:\/\/mentalfestivalen.se\/integritetspolicy\/"]}]},{"@type":"BreadcrumbList","@id":"https:\/\/mentalfestivalen.se\/integritetspolicy\/#breadcrumb","itemListElement":[{"@type":"ListItem","position":1,"name":"Hem","item":"https:\/\/mentalfestivalen.se\/"},{"@type":"ListItem","position":2,"name":"Integritetspolicy"}]},{"@type":"WebSite","@id":"https:\/\/mentalfestivalen.se\/#website","url":"https:\/\/mentalfestivalen.se\/","name":"Mentalfestivalen","description":"Mentalfestivalen","potentialAction":[{"@type":"SearchAction","target":{"@type":"EntryPoint","urlTemplate":"https:\/\/mentalfestivalen.se\/?s={search_term_string}"},"query-input":{"@type":"PropertyValueSpecification","valueRequired":true,"valueName":"search_term_string"}}],"inLanguage":"en-GB"}]}},"_links":{"self":[{"href":"https:\/\/mentalfestivalen.se\/en\/wp-json\/wp\/v2\/pages\/486","targetHints":{"allow":["GET"]}}],"collection":[{"href":"https:\/\/mentalfestivalen.se\/en\/wp-json\/wp\/v2\/pages"}],"about":[{"href":"https:\/\/mentalfestivalen.se\/en\/wp-json\/wp\/v2\/types\/page"}],"author":[{"embeddable":true,"href":"https:\/\/mentalfestivalen.se\/en\/wp-json\/wp\/v2\/users\/8"}],"replies":[{"embeddable":true,"href":"https:\/\/mentalfestivalen.se\/en\/wp-json\/wp\/v2\/comments?post=486"}],"version-history":[{"count":0,"href":"https:\/\/mentalfestivalen.se\/en\/wp-json\/wp\/v2\/pages\/486\/revisions"}],"wp:attachment":[{"href":"https:\/\/mentalfestivalen.se\/en\/wp-json\/wp\/v2\/media?parent=486"}],"curies":[{"name":"wp","href":"https:\/\/api.w.org\/{rel}","templated":true}]}}